{"id":680,"date":"2017-09-14T19:16:56","date_gmt":"2017-09-14T19:16:56","guid":{"rendered":"http:\/\/schuetzenverein-kaltenweide.de\/?page_id=680"},"modified":"2026-02-22T20:22:15","modified_gmt":"2026-02-22T19:22:15","slug":"gewehr","status":"publish","type":"page","link":"https:\/\/www.schuetzenverein-kaltenweide.de\/?page_id=680","title":{"rendered":"Gewehr"},"content":{"rendered":"\t\t<div data-elementor-type=\"wp-page\" data-elementor-id=\"680\" class=\"elementor elementor-680\">\n\t\t\t\t<div class=\"elementor-element elementor-element-ea1fac0 e-flex e-con-boxed e-con e-parent\" data-id=\"ea1fac0\" data-element_type=\"container\" data-e-type=\"container\">\n\t\t\t\t\t<div class=\"e-con-inner\">\n\t\t\t\t<div class=\"elementor-element elementor-element-809cb70 elementor-widget elementor-widget-text-editor\" data-id=\"809cb70\" data-element_type=\"widget\" data-e-type=\"widget\" data-widget_type=\"text-editor.default\">\n\t\t\t\t<div class=\"elementor-widget-container\">\n\t\t\t\t\t\t\t\t\t<section id=\"top\" class=\"svk-gewehr\"><!-- HERO --><header class=\"svk-hero\"><div class=\"svk-container\"><p class=\"svk-lead\">Leistungsorientierter Gewehrsport, nachhaltige Nachwuchsarbeit und eine klare sportliche Struktur \u2013 vom Breitensport bis zur Verbandsoberliga.<\/p><p><strong>Bei uns ist jeder willkommen:<\/strong> egal ob Einsteiger, Fortgeschrittener oder ambitionierter Wettkampfsch\u00fctze \u2013 wir bieten f\u00fcr jedes Leistungsniveau das passende Training.<\/p><div class=\"svk-actions\"><a class=\"svk-btn svk-btn--primary\" href=\"#training\">Probetraining anfragen<\/a><\/div><\/div><\/header><p><!-- CONTENT --><\/p><p>\u00a0<\/p><div class=\"svk-container\"><section id=\"mannschaften\" class=\"svk-section\"><h2 class=\"svk-h2\"><img fetchpriority=\"high\" decoding=\"async\" data-recalc-dims=\"1\" class=\"alignnone wp-image-7319 \" src=\"https:\/\/i0.wp.com\/www.schuetzenverein-kaltenweide.de\/wp-content\/uploads\/2026\/02\/Bild1.png?resize=521%2C417&#038;ssl=1\" alt=\"\" width=\"521\" height=\"417\" srcset=\"https:\/\/i0.wp.com\/schuetzenverein-kaltenweide.de\/wp-content\/uploads\/2026\/02\/Bild1.png?w=937&amp;ssl=1 937w, https:\/\/i0.wp.com\/schuetzenverein-kaltenweide.de\/wp-content\/uploads\/2026\/02\/Bild1.png?resize=300%2C240&amp;ssl=1 300w, https:\/\/i0.wp.com\/schuetzenverein-kaltenweide.de\/wp-content\/uploads\/2026\/02\/Bild1.png?resize=768%2C615&amp;ssl=1 768w, https:\/\/i0.wp.com\/schuetzenverein-kaltenweide.de\/wp-content\/uploads\/2026\/02\/Bild1.png?resize=600%2C480&amp;ssl=1 600w\" sizes=\"(max-width: 521px) 100vw, 521px\" \/><\/h2><h2 class=\"svk-h2\">1. Mannschaft \u2013 Sportliche Entwicklung<\/h2><ul class=\"svk-list\"><li>2021\/2022 \u2013 Kreisliga (Neuausrichtung)<\/li><li>2022\/2023 \u2013 Bezirksliga (oberes Tabellenfeld)<\/li><li>2023\/2024 \u2013 Bezirksliga <strong>Meister &amp; Aufstieg<\/strong><\/li><li>2024\/2025 \u2013 Landesliga Nord <strong>Meister<\/strong> &amp; Aufstieg<\/li><li>2025\/2026 \u2013 Verbandsliga <strong>Meister<\/strong> \u2013 direkter Aufstieg<\/li><\/ul><p>Aktuelle Ergebnisse und Tabellen:\u00a0<a href=\"https:\/\/www.rwk-onlinemelder.de\/online\/listen\/nssvev?sel_group_id=38&amp;sel_discipline_id=1&amp;sel_class_id=2&amp;showCombined=0\" target=\"_blank\" rel=\"noopener\">Ergebnisse Verbandsliga<\/a><\/p><p><img decoding=\"async\" data-recalc-dims=\"1\" class=\"alignnone wp-image-7321 size-medium\" style=\"font-size: 1rem;\" src=\"https:\/\/i0.wp.com\/www.schuetzenverein-kaltenweide.de\/wp-content\/uploads\/2026\/02\/Bild3-300x226.jpg?resize=300%2C226&#038;ssl=1\" alt=\"\" width=\"300\" height=\"226\" srcset=\"https:\/\/i0.wp.com\/schuetzenverein-kaltenweide.de\/wp-content\/uploads\/2026\/02\/Bild3.jpg?resize=300%2C226&amp;ssl=1 300w, https:\/\/i0.wp.com\/schuetzenverein-kaltenweide.de\/wp-content\/uploads\/2026\/02\/Bild3.jpg?w=397&amp;ssl=1 397w\" sizes=\"(max-width: 300px) 100vw, 300px\" \/><img decoding=\"async\" data-recalc-dims=\"1\" class=\"alignnone wp-image-7320 \" style=\"font-size: 1rem;\" src=\"https:\/\/i0.wp.com\/www.schuetzenverein-kaltenweide.de\/wp-content\/uploads\/2026\/02\/Bild2.jpg?resize=168%2C224&#038;ssl=1\" alt=\"\" width=\"168\" height=\"224\" \/><\/p><h2 class=\"svk-h2\">2. Mannschaft \u2013 Perspektivteam<\/h2><p class=\"svk-text\">Gezielter Aufbau f\u00fcr Nachwuchs- und Aufbausch\u00fctzen mit direkter Anbindung an die 1. Mannschaft. Sie erm\u00f6glicht den Einstieg in den Ligabetrieb und bildet die sportliche Perspektive f\u00fcr die Weiterentwicklung unserer Sch\u00fctzinnen und Sch\u00fctzen.<\/p><ul class=\"svk-list\"><li>2024\/2025 \u2013 Aufstieg in den Ligabetrieb<\/li><li>2025\/2026 \u2013 Bezirksliga \u2013 <strong>3. Tabellenplatz<\/strong><\/li><\/ul><p>Aktuelle Ergebnisse und Tabellen:\u00a0<a href=\"https:\/\/www.rwk-onlinemelder.de\/online\/listen\/nssvev?sel_group_id=38&amp;sel_discipline_id=1&amp;sel_class_id=8&amp;showCombined=0\" target=\"_blank\" rel=\"noopener\">Ergebnisse Bezirksliga Hannover<\/a><\/p><h2 class=\"svk-h2 svk-h2--card\">Unsere Sponsoren:<\/h2><p data-start=\"4280\" data-end=\"4359\">Unsere Erfolge sind das Ergebnis ehrenamtlicher Arbeit und gezielter F\u00f6rderung.<\/p><p data-start=\"4361\" data-end=\"4392\">Unterst\u00fctzen Sie uns z. B. bei:<\/p><ul data-start=\"4393\" data-end=\"4454\"><li data-start=\"4393\" data-end=\"4409\"><p data-start=\"4395\" data-end=\"4409\">Teamkleidung<\/p><\/li><li data-start=\"4410\" data-end=\"4429\"><p data-start=\"4412\" data-end=\"4429\">Wettkampfreisen<\/p><\/li><li data-start=\"4430\" data-end=\"4454\"><p data-start=\"4432\" data-end=\"4454\">Trainingsausstattung<\/p><\/li><\/ul><p data-start=\"4456\" data-end=\"4499\">Gemeinsam auf dem Weg in die 2. Bundesliga.<br \/>Kontaktieren sie uns gerne! <a class=\"svk-btn svk-btn--primary\" href=\"mailto:Jugendleiter@schuetzenverein-kaltenweide.de\">Sponsor werden!<\/a><\/p><h2 class=\"svk-h2 svk-h2--card\"><a href=\"https:\/\/www.mercedes-benz-trucks-hannover.de\/retail\/de\/de\/home.html\" rel=\"https:\/\/www.mercedes-benz-trucks-hannover.de\/retail\/de\/de\/home.html\"><img loading=\"lazy\" decoding=\"async\" data-recalc-dims=\"1\" class=\"alignnone wp-image-7336 size-medium\" src=\"https:\/\/i0.wp.com\/www.schuetzenverein-kaltenweide.de\/wp-content\/uploads\/2026\/02\/thumbnail_Outlook-begynzbn-300x99.png?resize=300%2C99&#038;ssl=1\" alt=\"\" width=\"300\" height=\"99\" srcset=\"https:\/\/i0.wp.com\/schuetzenverein-kaltenweide.de\/wp-content\/uploads\/2026\/02\/thumbnail_Outlook-begynzbn-scaled.png?resize=300%2C99&amp;ssl=1 300w, https:\/\/i0.wp.com\/schuetzenverein-kaltenweide.de\/wp-content\/uploads\/2026\/02\/thumbnail_Outlook-begynzbn-scaled.png?resize=1024%2C338&amp;ssl=1 1024w, https:\/\/i0.wp.com\/schuetzenverein-kaltenweide.de\/wp-content\/uploads\/2026\/02\/thumbnail_Outlook-begynzbn-scaled.png?resize=768%2C254&amp;ssl=1 768w, https:\/\/i0.wp.com\/schuetzenverein-kaltenweide.de\/wp-content\/uploads\/2026\/02\/thumbnail_Outlook-begynzbn-scaled.png?resize=1536%2C508&amp;ssl=1 1536w, https:\/\/i0.wp.com\/schuetzenverein-kaltenweide.de\/wp-content\/uploads\/2026\/02\/thumbnail_Outlook-begynzbn-scaled.png?resize=2048%2C677&amp;ssl=1 2048w, https:\/\/i0.wp.com\/schuetzenverein-kaltenweide.de\/wp-content\/uploads\/2026\/02\/thumbnail_Outlook-begynzbn-scaled.png?resize=960%2C317&amp;ssl=1 960w, https:\/\/i0.wp.com\/schuetzenverein-kaltenweide.de\/wp-content\/uploads\/2026\/02\/thumbnail_Outlook-begynzbn-scaled.png?resize=600%2C198&amp;ssl=1 600w, https:\/\/i0.wp.com\/schuetzenverein-kaltenweide.de\/wp-content\/uploads\/2026\/02\/thumbnail_Outlook-begynzbn-scaled.png?w=1250&amp;ssl=1 1250w, https:\/\/i0.wp.com\/schuetzenverein-kaltenweide.de\/wp-content\/uploads\/2026\/02\/thumbnail_Outlook-begynzbn-scaled.png?w=1875&amp;ssl=1 1875w\" sizes=\"(max-width: 300px) 100vw, 300px\" \/><\/a><a href=\"https:\/\/regupro.de\/sachverstaendige\/\"><img loading=\"lazy\" decoding=\"async\" data-recalc-dims=\"1\" class=\"alignnone wp-image-7335 size-medium\" src=\"https:\/\/i0.wp.com\/www.schuetzenverein-kaltenweide.de\/wp-content\/uploads\/2026\/02\/WhatsApp-Image-2025-11-12-at-20.50.18-300x175.jpeg?resize=300%2C175&#038;ssl=1\" alt=\"\" width=\"300\" height=\"175\" srcset=\"https:\/\/i0.wp.com\/schuetzenverein-kaltenweide.de\/wp-content\/uploads\/2026\/02\/WhatsApp-Image-2025-11-12-at-20.50.18.jpeg?resize=300%2C175&amp;ssl=1 300w, https:\/\/i0.wp.com\/schuetzenverein-kaltenweide.de\/wp-content\/uploads\/2026\/02\/WhatsApp-Image-2025-11-12-at-20.50.18.jpeg?resize=1024%2C598&amp;ssl=1 1024w, https:\/\/i0.wp.com\/schuetzenverein-kaltenweide.de\/wp-content\/uploads\/2026\/02\/WhatsApp-Image-2025-11-12-at-20.50.18.jpeg?resize=768%2C448&amp;ssl=1 768w, https:\/\/i0.wp.com\/schuetzenverein-kaltenweide.de\/wp-content\/uploads\/2026\/02\/WhatsApp-Image-2025-11-12-at-20.50.18.jpeg?resize=960%2C560&amp;ssl=1 960w, https:\/\/i0.wp.com\/schuetzenverein-kaltenweide.de\/wp-content\/uploads\/2026\/02\/WhatsApp-Image-2025-11-12-at-20.50.18.jpeg?resize=600%2C350&amp;ssl=1 600w, https:\/\/i0.wp.com\/schuetzenverein-kaltenweide.de\/wp-content\/uploads\/2026\/02\/WhatsApp-Image-2025-11-12-at-20.50.18.jpeg?w=1525&amp;ssl=1 1525w, https:\/\/i0.wp.com\/schuetzenverein-kaltenweide.de\/wp-content\/uploads\/2026\/02\/WhatsApp-Image-2025-11-12-at-20.50.18.jpeg?w=1250&amp;ssl=1 1250w\" sizes=\"(max-width: 300px) 100vw, 300px\" \/><\/a><\/h2><h2 class=\"svk-h2\">Breitensport &amp; Nachwuchs<\/h2><p class=\"svk-text\">Der Breitensport bildet die Grundlage unseres sportlichen Erfolgs. Er erm\u00f6glicht den Einstieg in den Schie\u00dfsport, die systematische technische Ausbildung und den langfristigen Weg in die Ligamannschaften.<\/p><p class=\"svk-text\"><strong>Ganz gleich ob Anf\u00e4nger, Wiedereinsteiger, erfahrener Sch\u00fctze oder leistungsorientierter Wettkampfsportler \u2013 bei uns findet jeder seinen Platz.<\/strong> Durch eine individuelle Betreuung und ein abgestuftes Trainingssystem kann sich jeder entsprechend seiner pers\u00f6nlichen Ziele sportlich entwickeln.<\/p><\/section><section id=\"training\" class=\"svk-section svk-card\"><h2 class=\"svk-h2 svk-h2--card\">Wettk\u00e4mpfe und Meisterschaften:<\/h2><p>Neben dem Ligabetrieb nehmen unsere Gewehrsch\u00fctzen auch regelm\u00e4\u00dfig an regionalen und nationalen Wettk\u00e4mpfen sowie Meisterschaften Teil.\u00a0<br \/>Anbei aktuelle Ergebnisse:\u00a0<\/p><p><a href=\"https:\/\/masteryourten.com\/masters\/ergebnisse-teamwertung\/\" target=\"_blank\" rel=\"noopener\">Ergebnisse MY10Masters<\/a><\/p><h2 class=\"svk-h2 svk-h2--card\">Training &amp; Kontakt<\/h2><p class=\"svk-text\">Probetraining und leistungsorientierte Trainingsplanung sind jederzeit m\u00f6glich. Wir freuen uns \u00fcber neue Gesichter \u2013 im Jugend-, Breitensport- und Leistungsbereich.<\/p><p><a class=\"svk-btn svk-btn--primary\" href=\"mailto:Jugendleiter@schuetzenverein-kaltenweide.de\"> Jugendleiter@schuetzenverein-kaltenweide.de<\/a><\/p><\/section><\/div><h2 class=\"svk-h2 svk-h2--card\">\u00a0<\/h2><section><\/section><h2>Impressionen:\u00a0<\/h2><section><img loading=\"lazy\" decoding=\"async\" data-recalc-dims=\"1\" class=\"alignnone wp-image-7324 size-full\" src=\"https:\/\/i0.wp.com\/www.schuetzenverein-kaltenweide.de\/wp-content\/uploads\/2026\/02\/Bild6.jpg?resize=170%2C227&#038;ssl=1\" alt=\"\" width=\"170\" height=\"227\" \/> <img loading=\"lazy\" decoding=\"async\" data-recalc-dims=\"1\" class=\"alignnone wp-image-7325 size-full\" src=\"https:\/\/i0.wp.com\/www.schuetzenverein-kaltenweide.de\/wp-content\/uploads\/2026\/02\/Bild7.jpg?resize=170%2C227&#038;ssl=1\" alt=\"\" width=\"170\" height=\"227\" \/> <img loading=\"lazy\" decoding=\"async\" data-recalc-dims=\"1\" class=\"alignnone wp-image-7323 size-full\" src=\"https:\/\/i0.wp.com\/www.schuetzenverein-kaltenweide.de\/wp-content\/uploads\/2026\/02\/Bild5.jpg?resize=170%2C227&#038;ssl=1\" alt=\"\" width=\"170\" height=\"227\" \/> <img loading=\"lazy\" decoding=\"async\" data-recalc-dims=\"1\" class=\"alignnone wp-image-7322 size-full\" src=\"https:\/\/i0.wp.com\/www.schuetzenverein-kaltenweide.de\/wp-content\/uploads\/2026\/02\/Bild4.jpg?resize=170%2C227&#038;ssl=1\" alt=\"\" width=\"170\" height=\"227\" \/><\/section><\/section>\t\t\t\t\t\t\t\t<\/div>\n\t\t\t\t<\/div>\n\t\t\t\t\t<\/div>\n\t\t\t\t<\/div>\n\t\t\t\t<\/div>\n\t\t","protected":false},"excerpt":{"rendered":"<p>Leistungsorientierter Gewehrsport, nachhaltige Nachwuchsarbeit und eine klare sportliche Struktur \u2013 vom Breitensport bis zur Verbandsoberliga. Bei uns ist jeder willkommen: egal ob Einsteiger, Fortgeschrittener oder ambitionierter Wettkampfsch\u00fctze \u2013 wir bieten f\u00fcr jedes Leistungsniveau das passende Training. Probetraining anfragen \u00a0 1. Mannschaft \u2013 Sportliche Entwicklung 2021\/2022 \u2013 Kreisliga (Neuausrichtung) 2022\/2023 \u2013 Bezirksliga (oberes Tabellenfeld) 2023\/2024 \u2013 <a href=\"https:\/\/www.schuetzenverein-kaltenweide.de\/?page_id=680\" class=\"more-link\">...weiterlesen<span class=\"screen-reader-text\"> \"Gewehr\"<\/span><\/a><\/p>\n","protected":false},"author":2,"featured_media":0,"parent":27,"menu_order":12,"comment_status":"closed","ping_status":"closed","template":"","meta":{"footnotes":""},"class_list":["post-680","page","type-page","status-publish","h-entry","hentry","h-as-page"],"jetpack_sharing_enabled":true,"_links":{"self":[{"href":"https:\/\/www.schuetzenverein-kaltenweide.de\/index.php?rest_route=\/wp\/v2\/pages\/680","targetHints":{"allow":["GET"]}}],"collection":[{"href":"https:\/\/www.schuetzenverein-kaltenweide.de\/index.php?rest_route=\/wp\/v2\/pages"}],"about":[{"href":"https:\/\/www.schuetzenverein-kaltenweide.de\/index.php?rest_route=\/wp\/v2\/types\/page"}],"author":[{"embeddable":true,"href":"https:\/\/www.schuetzenverein-kaltenweide.de\/index.php?rest_route=\/wp\/v2\/users\/2"}],"replies":[{"embeddable":true,"href":"https:\/\/www.schuetzenverein-kaltenweide.de\/index.php?rest_route=%2Fwp%2Fv2%2Fcomments&post=680"}],"version-history":[{"count":22,"href":"https:\/\/www.schuetzenverein-kaltenweide.de\/index.php?rest_route=\/wp\/v2\/pages\/680\/revisions"}],"predecessor-version":[{"id":7351,"href":"https:\/\/www.schuetzenverein-kaltenweide.de\/index.php?rest_route=\/wp\/v2\/pages\/680\/revisions\/7351"}],"up":[{"embeddable":true,"href":"https:\/\/www.schuetzenverein-kaltenweide.de\/index.php?rest_route=\/wp\/v2\/pages\/27"}],"wp:attachment":[{"href":"https:\/\/www.schuetzenverein-kaltenweide.de\/index.php?rest_route=%2Fwp%2Fv2%2Fmedia&parent=680"}],"curies":[{"name":"wp","href":"https:\/\/api.w.org\/{rel}","templated":true}]}}