{"id":5478,"date":"2023-04-01T17:48:12","date_gmt":"2023-04-01T17:48:12","guid":{"rendered":"https:\/\/schuetzenverein-kaltenweide.de\/?page_id=5478"},"modified":"2026-04-20T12:45:03","modified_gmt":"2026-04-20T10:45:03","slug":"blasrohr","status":"publish","type":"page","link":"https:\/\/www.schuetzenverein-kaltenweide.de\/?page_id=5478","title":{"rendered":"Blasrohr"},"content":{"rendered":"\n<p>Unser Blasrohr Training findet w\u00f6chentlich im Sch\u00fctzenhaus statt.<\/p>\n\n\n\n<p>Die Sch\u00fctzenschwester Samantha Schuppan leitet immer\u00a0<strong>Montags um 18:00 Uhr\u00a0<\/strong>die Trainingseinheiten, die im 1. Obergeschoss des\u00a0<strong>Sch\u00fctzenhauses<\/strong>\u00a0stattfinden. In den Ferienzeiten sowie an Feiertagen setzt das Training aus.<\/p>\n\n\n\n<p>Hast du Interesse? Dann melde dich gerne direkt bei Samantha (0163\/4876756) oder schau spontan zu den Trainings vorbei. Wir freuen uns auf Dich!<\/p>\n\n\n\n<p><\/p>\n\n\n\n<figure class=\"wp-block-video\"><video height=\"480\" style=\"aspect-ratio: 272 \/ 480;\" width=\"272\" controls src=\"https:\/\/schuetzenverein-kaltenweide.de\/wp-content\/uploads\/2023\/03\/trim.74CA7058-3DE9-4175-8518-EEAE1C444D28.mov\"><\/video><\/figure>\n","protected":false},"excerpt":{"rendered":"<p>Unser Blasrohr Training findet w\u00f6chentlich im Sch\u00fctzenhaus statt. Die Sch\u00fctzenschwester Samantha Schuppan leitet immer\u00a0Montags um 18:00 Uhr\u00a0die Trainingseinheiten, die im 1. Obergeschoss des\u00a0Sch\u00fctzenhauses\u00a0stattfinden. In den Ferienzeiten sowie an Feiertagen setzt das Training aus. Hast du Interesse? Dann melde dich gerne direkt bei Samantha (0163\/4876756) oder schau spontan zu den Trainings vorbei. Wir freuen uns auf <a href=\"https:\/\/www.schuetzenverein-kaltenweide.de\/?page_id=5478\" class=\"more-link\">...weiterlesen<span class=\"screen-reader-text\"> \"Blasrohr\"<\/span><\/a><\/p>\n","protected":false},"author":4,"featured_media":0,"parent":27,"menu_order":16,"comment_status":"closed","ping_status":"closed","template":"","meta":{"footnotes":""},"class_list":["post-5478","page","type-page","status-publish","h-entry","hentry","h-as-page"],"jetpack_sharing_enabled":true,"_links":{"self":[{"href":"https:\/\/www.schuetzenverein-kaltenweide.de\/index.php?rest_route=\/wp\/v2\/pages\/5478","targetHints":{"allow":["GET"]}}],"collection":[{"href":"https:\/\/www.schuetzenverein-kaltenweide.de\/index.php?rest_route=\/wp\/v2\/pages"}],"about":[{"href":"https:\/\/www.schuetzenverein-kaltenweide.de\/index.php?rest_route=\/wp\/v2\/types\/page"}],"author":[{"embeddable":true,"href":"https:\/\/www.schuetzenverein-kaltenweide.de\/index.php?rest_route=\/wp\/v2\/users\/4"}],"replies":[{"embeddable":true,"href":"https:\/\/www.schuetzenverein-kaltenweide.de\/index.php?rest_route=%2Fwp%2Fv2%2Fcomments&post=5478"}],"version-history":[{"count":5,"href":"https:\/\/www.schuetzenverein-kaltenweide.de\/index.php?rest_route=\/wp\/v2\/pages\/5478\/revisions"}],"predecessor-version":[{"id":7413,"href":"https:\/\/www.schuetzenverein-kaltenweide.de\/index.php?rest_route=\/wp\/v2\/pages\/5478\/revisions\/7413"}],"up":[{"embeddable":true,"href":"https:\/\/www.schuetzenverein-kaltenweide.de\/index.php?rest_route=\/wp\/v2\/pages\/27"}],"wp:attachment":[{"href":"https:\/\/www.schuetzenverein-kaltenweide.de\/index.php?rest_route=%2Fwp%2Fv2%2Fmedia&parent=5478"}],"curies":[{"name":"wp","href":"https:\/\/api.w.org\/{rel}","templated":true}]}}