{"id":33,"date":"2016-03-21T09:08:57","date_gmt":"2016-03-21T09:08:57","guid":{"rendered":"http:\/\/schuetzenverein-kaltenweide.de\/?page_id=33"},"modified":"2020-03-11T19:51:17","modified_gmt":"2020-03-11T19:51:17","slug":"damenabteilung","status":"publish","type":"page","link":"https:\/\/www.schuetzenverein-kaltenweide.de\/?page_id=33","title":{"rendered":"Damenabteilung"},"content":{"rendered":"<p><img data-recalc-dims=\"1\" fetchpriority=\"high\" decoding=\"async\" class=\"size-medium wp-image-56 alignleft\" src=\"https:\/\/i0.wp.com\/schuetzenverein-kaltenweide.de\/wp-content\/uploads\/2016\/03\/Sch%C3%BCtzendamen.jpg?resize=300%2C225&#038;ssl=1\" alt=\"Sch\u00fctzendamen\" width=\"300\" height=\"225\" srcset=\"https:\/\/i0.wp.com\/schuetzenverein-kaltenweide.de\/wp-content\/uploads\/2016\/03\/Sch%C3%BCtzendamen.jpg?resize=300%2C225&amp;ssl=1 300w, https:\/\/i0.wp.com\/schuetzenverein-kaltenweide.de\/wp-content\/uploads\/2016\/03\/Sch%C3%BCtzendamen.jpg?resize=600%2C450&amp;ssl=1 600w, https:\/\/i0.wp.com\/schuetzenverein-kaltenweide.de\/wp-content\/uploads\/2016\/03\/Sch%C3%BCtzendamen.jpg?w=640&amp;ssl=1 640w\" sizes=\"(max-width: 300px) 100vw, 300px\" \/><span style=\"color: #000000;\">Wir schreiben das Jahr 1971 und wenige Damen haben es geschafft sich in der der M\u00e4nnerdom\u00e4ne durchzusetzen. Die Damenabteilung des Sch\u00fctzenvereins Kaltenweide wurde gegr\u00fcndet.\u00a0Seitdem wurden\u00a0viele sportliche Erfolge gefeiert und auch der traditionelle Bereich ist niemals zu kurz gekommen.\u00a0Disziplinen\u00a0: Luftpistole- Sportpistole - Luftgewehr - KK-100m und sportlich Trapp auf Kreis-, Bezirks- und Landesebene. Hervorzuheben ist momentan unsere Entwicklung im Bereich Pistole! Zum Schnuppern sind sie ganz herzlich eingeladen. Bringt gute Laune, ein paar feste Schuhe mit und lernt unseren Schie\u00dfsport kennen.<\/span><\/p>\n<p><span style=\"color: #000000;\">Trainingstermine:<\/span><\/p>\n<ul>\n<li><span style=\"color: #000000;\">Dienstag und Freitag ab 18:00 Uhr im Sch\u00fctzenhaus Kaltenweide<\/span><\/li>\n<li><span style=\"color: #000000;\">Samstags, zweimal im Monat, auf dem Wurfscheibenstand in Krelingen<\/span><\/li>\n<\/ul>\n<p style=\"text-align: left;\"><span style=\"color: #000000;\">Mit dem n\u00f6tigen Trainingsehrgeiz und vor allem mentaler St\u00e4rke, die bei Frauen besonders ausgepr\u00e4gt ist, w\u00e4re es in k\u00fcrzester Zeit\u00a0m\u00f6glich zu den\u00a0Top-Ten\u00a0im Kreisverband zu geh\u00f6ren.\u00a0Beweise aus den eigenen Reihen gibt es bereits. <\/span><span style=\"color: #000000;\">Ganz besonders w\u00fcrden wir uns \u00fcber <a href=\"https:\/\/i0.wp.com\/schuetzenverein-kaltenweide.de\/wp-content\/uploads\/2019\/05\/Damen-Spargeltour.jpg?ssl=1\"><img data-recalc-dims=\"1\" decoding=\"async\" class=\" wp-image-2346 alignright\" src=\"https:\/\/i0.wp.com\/schuetzenverein-kaltenweide.de\/wp-content\/uploads\/2019\/05\/Damen-Spargeltour.jpg?resize=318%2C318&#038;ssl=1\" alt=\"\" width=\"318\" height=\"318\" srcset=\"https:\/\/i0.wp.com\/schuetzenverein-kaltenweide.de\/wp-content\/uploads\/2019\/05\/Damen-Spargeltour.jpg?resize=300%2C300&amp;ssl=1 300w, https:\/\/i0.wp.com\/schuetzenverein-kaltenweide.de\/wp-content\/uploads\/2019\/05\/Damen-Spargeltour.jpg?resize=100%2C100&amp;ssl=1 100w, https:\/\/i0.wp.com\/schuetzenverein-kaltenweide.de\/wp-content\/uploads\/2019\/05\/Damen-Spargeltour.jpg?resize=600%2C600&amp;ssl=1 600w, https:\/\/i0.wp.com\/schuetzenverein-kaltenweide.de\/wp-content\/uploads\/2019\/05\/Damen-Spargeltour.jpg?resize=150%2C150&amp;ssl=1 150w, https:\/\/i0.wp.com\/schuetzenverein-kaltenweide.de\/wp-content\/uploads\/2019\/05\/Damen-Spargeltour.jpg?resize=768%2C768&amp;ssl=1 768w, https:\/\/i0.wp.com\/schuetzenverein-kaltenweide.de\/wp-content\/uploads\/2019\/05\/Damen-Spargeltour.jpg?resize=1024%2C1024&amp;ssl=1 1024w, https:\/\/i0.wp.com\/schuetzenverein-kaltenweide.de\/wp-content\/uploads\/2019\/05\/Damen-Spargeltour.jpg?resize=960%2C960&amp;ssl=1 960w, https:\/\/i0.wp.com\/schuetzenverein-kaltenweide.de\/wp-content\/uploads\/2019\/05\/Damen-Spargeltour.jpg?w=1448&amp;ssl=1 1448w, https:\/\/i0.wp.com\/schuetzenverein-kaltenweide.de\/wp-content\/uploads\/2019\/05\/Damen-Spargeltour.jpg?w=1250&amp;ssl=1 1250w\" sizes=\"(max-width: 318px) 100vw, 318px\" \/><\/a>Verst\u00e4rkung in unserer Bezirksliga-Mannschaft \/ Luftgewehr freuen. Jedoch ist uns nicht nur der sportliche Bereich sehr wichtig, sondern auch das Miteinander liegt uns am Herzen. Zwei bis dreimal im Jahr\u00a0treffen wir uns zu verschiedenen Aktivit\u00e4ten wie Bosseln, Kegeln, Fahrradtouren, Kniffelturniere,\u00a0Ausfl\u00fcge z.B. Heideabitur, Kartoffeltour, Treckertour und vieles mehr.<\/span><\/p>\n<p><span style=\"color: #000000;\">Bitte wendet euch an unsere Damenleiterin: Sabine Lehnhardt unter: <a href=\"mailto:damenleiterin@schuetzenverein-kaltenweide.de\">damenleiterin@schuetzenverein-kaltenweide.de<\/a>\u00a0, um die Damenabteilung kennenzulernen und zu unterst\u00fctzen.<\/span><\/p>\n","protected":false},"excerpt":{"rendered":"<p>Wir schreiben das Jahr 1971 und wenige Damen haben es geschafft sich in der der M\u00e4nnerdom\u00e4ne durchzusetzen. Die Damenabteilung des Sch\u00fctzenvereins Kaltenweide wurde gegr\u00fcndet.\u00a0Seitdem wurden\u00a0viele sportliche Erfolge gefeiert und auch der traditionelle Bereich ist niemals zu kurz gekommen.\u00a0Disziplinen\u00a0: Luftpistole- Sportpistole - Luftgewehr - KK-100m und sportlich Trapp auf Kreis-, Bezirks- und Landesebene. Hervorzuheben ist momentan <a href=\"https:\/\/www.schuetzenverein-kaltenweide.de\/?page_id=33\" class=\"more-link\">...weiterlesen<span class=\"screen-reader-text\"> \"Damenabteilung\"<\/span><\/a><\/p>\n","protected":false},"author":1,"featured_media":0,"parent":551,"menu_order":3,"comment_status":"closed","ping_status":"closed","template":"","meta":{"footnotes":""},"class_list":["post-33","page","type-page","status-publish","h-entry","hentry","h-as-page"],"jetpack_sharing_enabled":true,"_links":{"self":[{"href":"https:\/\/www.schuetzenverein-kaltenweide.de\/index.php?rest_route=\/wp\/v2\/pages\/33","targetHints":{"allow":["GET"]}}],"collection":[{"href":"https:\/\/www.schuetzenverein-kaltenweide.de\/index.php?rest_route=\/wp\/v2\/pages"}],"about":[{"href":"https:\/\/www.schuetzenverein-kaltenweide.de\/index.php?rest_route=\/wp\/v2\/types\/page"}],"author":[{"embeddable":true,"href":"https:\/\/www.schuetzenverein-kaltenweide.de\/index.php?rest_route=\/wp\/v2\/users\/1"}],"replies":[{"embeddable":true,"href":"https:\/\/www.schuetzenverein-kaltenweide.de\/index.php?rest_route=%2Fwp%2Fv2%2Fcomments&post=33"}],"version-history":[{"count":0,"href":"https:\/\/www.schuetzenverein-kaltenweide.de\/index.php?rest_route=\/wp\/v2\/pages\/33\/revisions"}],"up":[{"embeddable":true,"href":"https:\/\/www.schuetzenverein-kaltenweide.de\/index.php?rest_route=\/wp\/v2\/pages\/551"}],"wp:attachment":[{"href":"https:\/\/www.schuetzenverein-kaltenweide.de\/index.php?rest_route=%2Fwp%2Fv2%2Fmedia&parent=33"}],"curies":[{"name":"wp","href":"https:\/\/api.w.org\/{rel}","templated":true}]}}