{"id":29,"date":"2016-03-21T09:08:26","date_gmt":"2016-03-21T09:08:26","guid":{"rendered":"http:\/\/schuetzenverein-kaltenweide.de\/?page_id=29"},"modified":"2026-03-05T16:39:53","modified_gmt":"2026-03-05T15:39:53","slug":"young-spirit-orchestra","status":"publish","type":"page","link":"https:\/\/www.schuetzenverein-kaltenweide.de\/?page_id=29","title":{"rendered":"Young Spirit Orchestra"},"content":{"rendered":"<p><\/p>\n<figure><img data-recalc-dims=\"1\" height=\"200\" width=\"300\" decoding=\"async\" style=\"width: 301px; height: auto;\" src=\"https:\/\/i0.wp.com\/schuetzenverein-kaltenweide.de\/wp-content\/uploads\/2016\/03\/YSO.jpg?resize=300%2C200&#038;ssl=1\" alt=\"YSO\" \/>\n<p>\u00a0<\/p>\n<figcaption>Das YSO bei seiner Gr\u00fcndung 2009<\/figcaption>\n<\/figure>\n<p><\/p>\n<p>Das Young Spirit Orchestra (YSO)<br \/>wurde im\u00a0 Jahr 2009 gegr\u00fcndet und geh\u00f6rt als eigene Sparte zum Sch\u00fctzenverein Kaltenweide von 1903 e.V.<\/p>\n<p><\/p>\n<p>Auftritte bei \u00f6ffentlichen Veranstaltungen, Sch\u00fctzenfesten, Geburtstagen, oder privaten Feiern geh\u00f6ren zu unserem Programm. Wir sind ein junges Team, das gerne Musik macht und die musikalische und traditionsreiche Vielfalt in Kaltenweide sowie in der Region erweitern und erhalten m\u00f6chte.<\/p>\n<p><\/p>\n<figure><img data-recalc-dims=\"1\" height=\"469\" width=\"625\" decoding=\"async\" style=\"width: 302px; height: auto;\" src=\"https:\/\/i0.wp.com\/schuetzenverein-kaltenweide.de\/wp-content\/uploads\/2023\/11\/YSO-23-Mitglieder.jpg?resize=625%2C469&#038;ssl=1\" alt=\"\" \/>\n<p>\u00a0<\/p>\n<figcaption>Das YSO in 2023<\/figcaption>\n<\/figure>\n<p><\/p>\n<p>Wenn du auch Musik machen m\u00f6chtest, kannst du einfach mal bei einer unserer Proben vorbeischauen!<br \/>Wir proben montags von 19:00 bis 21:15 im Sch\u00fctzenhaus Kaltenweide im 2. Stock<\/p>\n<p><\/p>\n<p>Komm vorbei, wir freuen uns auf Deinen Besuch!<\/p>\n<p><\/p>\n<p class=\"is-layout-constrained wp-block-group-is-layout-constrained\"><\/p>\n<details class=\"is-layout-flow wp-block-details-is-layout-flow\">\n<summary>Du hast einen Musikwunsch?<\/summary>\n<p><\/p>\n<p>Wenn wir ein St\u00fcck nicht spielen, was deiner Meinung nach zu uns passt, helfen wir dir bei Auswahl einer geeigneten Partitur eines Titels. Einzelst\u00fccke kosten je nach Umfang und Komplexit\u00e4t ab 50\u20ac,<br \/>Medleys, Potpourri und Gr\u00f6\u00dfere S\u00e4tze kosten mehr und auch \u00fcber 100\u20ac.<\/p>\n<p><\/p>\n<\/details>\n<p><\/p>\n<p><\/p>","protected":false},"excerpt":{"rendered":"<p>Das Young Spirit Orchestra (YSO)wurde im\u00a0 Jahr 2009 gegr\u00fcndet und geh\u00f6rt als eigene Sparte zum Sch\u00fctzenverein Kaltenweide von 1903 e.V. Auftritte bei \u00f6ffentlichen Veranstaltungen, Sch\u00fctzenfesten, Geburtstagen, oder privaten Feiern geh\u00f6ren zu unserem Programm. Wir sind ein junges Team, das gerne Musik macht und die musikalische und traditionsreiche Vielfalt in Kaltenweide sowie in der Region erweitern <a href=\"https:\/\/www.schuetzenverein-kaltenweide.de\/?page_id=29\" class=\"more-link\">...weiterlesen<span class=\"screen-reader-text\"> \"Young Spirit Orchestra\"<\/span><\/a><\/p>\n","protected":false},"author":1,"featured_media":0,"parent":0,"menu_order":26,"comment_status":"closed","ping_status":"closed","template":"","meta":{"footnotes":""},"class_list":["post-29","page","type-page","status-publish","h-entry","hentry","h-as-page"],"jetpack_sharing_enabled":true,"_links":{"self":[{"href":"https:\/\/www.schuetzenverein-kaltenweide.de\/index.php?rest_route=\/wp\/v2\/pages\/29","targetHints":{"allow":["GET"]}}],"collection":[{"href":"https:\/\/www.schuetzenverein-kaltenweide.de\/index.php?rest_route=\/wp\/v2\/pages"}],"about":[{"href":"https:\/\/www.schuetzenverein-kaltenweide.de\/index.php?rest_route=\/wp\/v2\/types\/page"}],"author":[{"embeddable":true,"href":"https:\/\/www.schuetzenverein-kaltenweide.de\/index.php?rest_route=\/wp\/v2\/users\/1"}],"replies":[{"embeddable":true,"href":"https:\/\/www.schuetzenverein-kaltenweide.de\/index.php?rest_route=%2Fwp%2Fv2%2Fcomments&post=29"}],"version-history":[{"count":7,"href":"https:\/\/www.schuetzenverein-kaltenweide.de\/index.php?rest_route=\/wp\/v2\/pages\/29\/revisions"}],"predecessor-version":[{"id":7360,"href":"https:\/\/www.schuetzenverein-kaltenweide.de\/index.php?rest_route=\/wp\/v2\/pages\/29\/revisions\/7360"}],"wp:attachment":[{"href":"https:\/\/www.schuetzenverein-kaltenweide.de\/index.php?rest_route=%2Fwp%2Fv2%2Fmedia&parent=29"}],"curies":[{"name":"wp","href":"https:\/\/api.w.org\/{rel}","templated":true}]}}