{"id":258,"date":"2016-06-20T11:38:33","date_gmt":"2016-06-20T11:38:33","guid":{"rendered":"http:\/\/schuetzenverein-kaltenweide.de\/?page_id=258"},"modified":"2026-04-20T12:46:05","modified_gmt":"2026-04-20T10:46:05","slug":"trainingszeiten","status":"publish","type":"page","link":"https:\/\/www.schuetzenverein-kaltenweide.de\/?page_id=258","title":{"rendered":"Trainingstermine"},"content":{"rendered":"<p>Immer dienstags und freitags findet ab 18:00 Uhr ein offenes Training im Sch\u00fctzenhaus statt. Ein Ansprechpartner f\u00fcr Fragen, Hilfestellung und generelle Unterst\u00fctzung rund um die Themen Schie\u00dfsport und Training steht vor Ort immer zu den vorgenannten Zeiten zur Verf\u00fcgung.<\/p>\n<p>Ferner gelten folgende Trainingszeiten weiterhin:<\/p>\n<p><strong>Sch\u00fctzenjugend:<\/strong><\/p>\n<ul>\n<li>Mittwoch und Freitag ab 18:00 Uhr im Sch\u00fctzenhaus Kaltenweide<\/li>\n<\/ul>\n<p><strong>Sch\u00fctzinnen und Sch\u00fctzen:<\/strong><\/p>\n<ul>\n<li>Dienstag und Freitag ab <strong>18:00 Uhr<\/strong> im Sch\u00fctzenhaus Kaltenweide<\/li>\n<\/ul>\n<p><strong>Blasrohr:<\/strong><\/p>\n<ul>\n<li>immer <strong>Montags um 18:00 Uhr <\/strong>leitet Samantha Schuppan die Trainingseinheiten, die im 1. Obergeschoss des\u00a0<strong>Sch\u00fctzenhauses<\/strong>\u00a0stattfinden. In den Ferienzeiten sowie an Feiertagen setzt das Training aus.<\/li>\n<\/ul>\n<p><strong>Steel Dart:<\/strong><\/p>\n<ul>\n<li>Dienstag &amp; Donnerstag ab <strong>18:30 Uhr<\/strong> im Sch\u00fctzenhaus Kaltenweide<\/li>\n<\/ul>\n<p><strong style=\"color: #222222; font-family: &amp;quot; open sans&amp;quot;,verdana,geneva,&amp;quot;dejavu sans&amp;quot;,sans-serif; font-size: 16px; font-style: normal; font-variant: normal; font-weight: bold; letter-spacing: normal; orphans: 2; text-align: left; text-decoration: none; text-indent: 0px; text-transform: none; -webkit-text-stroke-width: 0px; white-space: normal; word-spacing: 0px;\">Neumitglieder<\/strong><span style=\"display: inline !important; float: none; background-color: #ffffff; color: #222222; font-family: 'Open Sans',Verdana,Geneva,'DejaVu Sans',sans-serif; font-size: 16px; font-style: normal; font-variant: normal; font-weight: 400; letter-spacing: normal; orphans: 2; text-align: left; text-decoration: none; text-indent: 0px; text-transform: none; -webkit-text-stroke-width: 0px; white-space: normal; word-spacing: 0px;\"> erhalten nach dem Eintritt in den Sch\u00fctzenverein Kaltenweide innerhalb eines halben Jahres ein Schnuppertraining im Sch\u00fctzenhaus. Hierbei werden alle Disziplinen unseres Vereins vorgestellt und k\u00f6nnen selbst ausprobiert werden. Eine pers\u00f6nliche Einladung erhalten alle Neumitglieder unmittelbar nach ihrem Eintritt.<\/span><\/p>\n<p><span style=\"display: inline !important; float: none; background-color: #ffffff; color: #222222; font-family: 'Open Sans',Verdana,Geneva,'DejaVu Sans',sans-serif; font-size: 16px; font-style: normal; font-variant: normal; font-weight: 400; letter-spacing: normal; orphans: 2; text-align: left; text-decoration: none; text-indent: 0px; text-transform: none; -webkit-text-stroke-width: 0px; white-space: normal; word-spacing: 0px;\">Ein kost<\/span>enloses <strong>Schnuppertraining<\/strong> findet jeden Mittwoch und jeden Freitag ab 18:00 Uhr (f\u00fcr Kinder und Jugendliche) sowie jeden Dienstag und jeden Freitag ab 18 Uhr (f\u00fcr Erwachsene) in unserem Sch\u00fctzenhaus statt. Einfach vorbeikommen und probieren.<\/p>\n","protected":false},"excerpt":{"rendered":"<p>Immer dienstags und freitags findet ab 18:00 Uhr ein offenes Training im Sch\u00fctzenhaus statt. Ein Ansprechpartner f\u00fcr Fragen, Hilfestellung und generelle Unterst\u00fctzung rund um die Themen Schie\u00dfsport und Training steht vor Ort immer zu den vorgenannten Zeiten zur Verf\u00fcgung. Ferner gelten folgende Trainingszeiten weiterhin: Sch\u00fctzenjugend: Mittwoch und Freitag ab 18:00 Uhr im Sch\u00fctzenhaus Kaltenweide Sch\u00fctzinnen <a href=\"https:\/\/www.schuetzenverein-kaltenweide.de\/?page_id=258\" class=\"more-link\">...weiterlesen<span class=\"screen-reader-text\"> \"Trainingstermine\"<\/span><\/a><\/p>\n","protected":false},"author":1,"featured_media":2269,"parent":27,"menu_order":16,"comment_status":"closed","ping_status":"closed","template":"","meta":{"footnotes":""},"class_list":["post-258","page","type-page","status-publish","has-post-thumbnail","h-entry","hentry","h-as-page"],"jetpack_sharing_enabled":true,"_links":{"self":[{"href":"https:\/\/www.schuetzenverein-kaltenweide.de\/index.php?rest_route=\/wp\/v2\/pages\/258","targetHints":{"allow":["GET"]}}],"collection":[{"href":"https:\/\/www.schuetzenverein-kaltenweide.de\/index.php?rest_route=\/wp\/v2\/pages"}],"about":[{"href":"https:\/\/www.schuetzenverein-kaltenweide.de\/index.php?rest_route=\/wp\/v2\/types\/page"}],"author":[{"embeddable":true,"href":"https:\/\/www.schuetzenverein-kaltenweide.de\/index.php?rest_route=\/wp\/v2\/users\/1"}],"replies":[{"embeddable":true,"href":"https:\/\/www.schuetzenverein-kaltenweide.de\/index.php?rest_route=%2Fwp%2Fv2%2Fcomments&post=258"}],"version-history":[{"count":4,"href":"https:\/\/www.schuetzenverein-kaltenweide.de\/index.php?rest_route=\/wp\/v2\/pages\/258\/revisions"}],"predecessor-version":[{"id":7414,"href":"https:\/\/www.schuetzenverein-kaltenweide.de\/index.php?rest_route=\/wp\/v2\/pages\/258\/revisions\/7414"}],"up":[{"embeddable":true,"href":"https:\/\/www.schuetzenverein-kaltenweide.de\/index.php?rest_route=\/wp\/v2\/pages\/27"}],"wp:featuredmedia":[{"embeddable":true,"href":"https:\/\/www.schuetzenverein-kaltenweide.de\/index.php?rest_route=\/wp\/v2\/media\/2269"}],"wp:attachment":[{"href":"https:\/\/www.schuetzenverein-kaltenweide.de\/index.php?rest_route=%2Fwp%2Fv2%2Fmedia&parent=258"}],"curies":[{"name":"wp","href":"https:\/\/api.w.org\/{rel}","templated":true}]}}