{"id":13,"date":"2016-03-20T18:37:23","date_gmt":"2016-03-20T18:37:23","guid":{"rendered":"http:\/\/schuetzenverein-kaltenweide.de\/?page_id=13"},"modified":"2021-03-24T20:59:50","modified_gmt":"2021-03-24T20:59:50","slug":"impressum","status":"publish","type":"page","link":"https:\/\/www.schuetzenverein-kaltenweide.de\/?page_id=13","title":{"rendered":"Impressum"},"content":{"rendered":"<p>Angaben gem\u00e4\u00df \u00a7 5 TMG:<\/p>\n<h5>Sch\u00fctzenverein Kaltenweide von 1903 e.V.<\/h5>\n<h6>Zellerie 8<\/h6>\n<h6>30855 Langenhagen<\/h6>\n<h6>Telefon: 0511\/8667233<\/h6>\n<h6><strong>Mobil: 0176\/34119858<\/strong><\/h6>\n<h6>Telefax: 05117248376<\/h6>\n<h5>Gesch\u00e4ftsf\u00fchrender Vorstand<\/h5>\n<h6>Axel Siebert\u00a0\u00a0 1.vorsitzender@schuetzenverein-kaltenweide.de<\/h6>\n<h6>J\u00f6rg\u00a0Engel<br \/>\n2.vorsitzender@schuetzenverein-kaltenweide.de<\/h6>\n<p>&nbsp;<\/p>\n<h6>Datenschutzerkl\u00e4rung:<\/h6>\n<p>Datenschutz<\/p>\n<p>Die Betreiber dieser Seiten nehmen den Schutz Ihrer pers\u00f6nlichen Daten sehr ernst. Wir behandeln Ihre personenbezogenen Daten vertraulich und entsprechend der gesetzlichen Datenschutzvorschriften sowie dieser Datenschutzerkl\u00e4rung.\u00a0\u00a0\u00a0\u00a0\u00a0 Die Nutzung unserer Webseite ist in der Regel ohne Angabe personenbezogener Daten m\u00f6glich. Soweit auf unseren Seiten personenbezogene Daten (beispielsweise Name, Anschrift oder E-Mail-Adressen) erhoben werden, erfolgt dies, soweit m\u00f6glich, stets auf freiwilliger Basis. Diese Daten werden ohne Ihre ausdr\u00fcckliche Zustimmung nicht an Dritte weitergegeben.<\/p>\n<p>Wir weisen darauf hin, dass die Daten\u00fcbertragung im Internet (z.B. bei der Kommunikation per E-Mail) Sicherheitsl\u00fccken aufweisen kann. Ein l\u00fcckenloser Schutz der Daten vor dem Zugriff durch Dritte ist nicht m\u00f6glich.<\/p>\n<p>&nbsp;<\/p>\n<p>&nbsp;<\/p>\n<p>&nbsp;<\/p>\n","protected":false},"excerpt":{"rendered":"<p>Angaben gem\u00e4\u00df \u00a7 5 TMG: Sch\u00fctzenverein Kaltenweide von 1903 e.V. Zellerie 8 30855 Langenhagen Telefon: 0511\/8667233 Mobil: 0176\/34119858 Telefax: 05117248376 Gesch\u00e4ftsf\u00fchrender Vorstand Axel Siebert\u00a0\u00a0 1.vorsitzender@schuetzenverein-kaltenweide.de J\u00f6rg\u00a0Engel 2.vorsitzender@schuetzenverein-kaltenweide.de &nbsp; Datenschutzerkl\u00e4rung: Datenschutz Die Betreiber dieser Seiten nehmen den Schutz Ihrer pers\u00f6nlichen Daten sehr ernst. Wir behandeln Ihre personenbezogenen Daten vertraulich und entsprechend der gesetzlichen Datenschutzvorschriften sowie dieser <a href=\"https:\/\/www.schuetzenverein-kaltenweide.de\/?page_id=13\" class=\"more-link\">...weiterlesen<span class=\"screen-reader-text\"> \"Impressum\"<\/span><\/a><\/p>\n","protected":false},"author":1,"featured_media":0,"parent":551,"menu_order":100,"comment_status":"closed","ping_status":"closed","template":"","meta":{"footnotes":""},"class_list":["post-13","page","type-page","status-publish","h-entry","hentry","h-as-page"],"jetpack_sharing_enabled":true,"_links":{"self":[{"href":"https:\/\/www.schuetzenverein-kaltenweide.de\/index.php?rest_route=\/wp\/v2\/pages\/13","targetHints":{"allow":["GET"]}}],"collection":[{"href":"https:\/\/www.schuetzenverein-kaltenweide.de\/index.php?rest_route=\/wp\/v2\/pages"}],"about":[{"href":"https:\/\/www.schuetzenverein-kaltenweide.de\/index.php?rest_route=\/wp\/v2\/types\/page"}],"author":[{"embeddable":true,"href":"https:\/\/www.schuetzenverein-kaltenweide.de\/index.php?rest_route=\/wp\/v2\/users\/1"}],"replies":[{"embeddable":true,"href":"https:\/\/www.schuetzenverein-kaltenweide.de\/index.php?rest_route=%2Fwp%2Fv2%2Fcomments&post=13"}],"version-history":[{"count":0,"href":"https:\/\/www.schuetzenverein-kaltenweide.de\/index.php?rest_route=\/wp\/v2\/pages\/13\/revisions"}],"up":[{"embeddable":true,"href":"https:\/\/www.schuetzenverein-kaltenweide.de\/index.php?rest_route=\/wp\/v2\/pages\/551"}],"wp:attachment":[{"href":"https:\/\/www.schuetzenverein-kaltenweide.de\/index.php?rest_route=%2Fwp%2Fv2%2Fmedia&parent=13"}],"curies":[{"name":"wp","href":"https:\/\/api.w.org\/{rel}","templated":true}]}}